{"id":213,"date":"2011-03-20T04:26:09","date_gmt":"2011-03-20T04:26:09","guid":{"rendered":"http:\/\/www.hawkfields.com\/wordpress\/?page_id=213"},"modified":"2025-12-19T22:26:11","modified_gmt":"2025-12-19T20:26:11","slug":"links","status":"publish","type":"page","link":"https:\/\/www.hawkfields.com\/wordpress\/?page_id=213","title":{"rendered":"Links"},"content":{"rendered":"<h3>Kennels<\/h3>\n<table style=\"width: 85%; border: 0;\">\n<tbody>\n<tr style=\"border: 0;\">\n<td style=\"border: 0; vertical-align: top;\"><span style=\"color: #000000;\"><strong>FINLAND<\/strong><\/span><a href=\"http:\/\/pehkot.haukotus.net\/linkit.php\" target=\"_blank\" rel=\"noopener\">Rough collie breeders<br \/>\nin Finland<br \/>\nyou can find <strong>here<\/strong><\/a><\/p>\n<p><span style=\"color: #000000;\"><strong>SMOOTHS<\/strong><\/span><\/p>\n<p><a href=\"http:\/\/pupsit.haukotus.net\/linkit.php\" target=\"_blank\" rel=\"noopener\">Smooth collie breeders<br \/>\nin Finland<br \/>\nyou can find <strong>here<\/strong><\/a><\/td>\n<td style=\"border: 0; vertical-align: top;\"><\/td>\n<td style=\"border: 0; vertical-align: top;\"><\/td>\n<\/tr>\n<\/tbody>\n<\/table>\n<h3><\/h3>\n<h3>Clubs<\/h3>\n<table style=\"width: 100%; border: 0;\">\n<tbody>\n<tr style=\"border: 0;\">\n<td style=\"border: 0; vertical-align: top;\"><img loading=\"lazy\" decoding=\"async\" class=\"aligncenter\" title=\"SCY\" src=\"http:\/\/www.hawkfields.com\/images\/pics\/scy.GIF\" alt=\"SCY\" width=\"149\" height=\"96\" \/><br \/>\n<a href=\"https:\/\/www.scy.fi\/\" target=\"_blank\" rel=\"noopener\">Finnish Collie Association<\/a><\/td>\n<td style=\"border: 0; vertical-align: top;\"><a href=\"https:\/\/britishcollie.club\/\" target=\"_blank\" rel=\"noopener\">The British Collie Club<\/a><br \/>\n<a href=\"http:\/\/www.svenskacollieklubben.se\/\" target=\"_blank\" rel=\"noopener\">Svenska Collieklubben<\/a><br \/>\n<a href=\"http:\/\/www.collieclub.dk\/\" target=\"_blank\" rel=\"noopener\">Dansk Collie klub<\/a><br \/>\n<a href=\"http:\/\/www.nck.no\/\" target=\"_blank\" rel=\"noopener\">Norsk Collie klubb<\/a><\/td>\n<td style=\"border: 0; vertical-align: top;\"><a href=\"http:\/\/www.kennelliitto.fi\/fi\" target=\"_blank\" rel=\"noopener\">Suomen Kennelliitto \/<br \/>\nFinnish Kennelclub<\/a><br \/>\n<a href=\"http:\/\/www.kennelliit.ee\/\" target=\"_blank\" rel=\"noopener\">Eesti Kennelliit<\/a><br \/>\n<a href=\"http:\/\/www.nkk.no\/\" target=\"_blank\" rel=\"noopener\">Norsk Kennel Klub<\/a><br \/>\n<a href=\"http:\/\/www.dansk-kennel-klub.dk\/Forside\" target=\"_blank\" rel=\"noopener\">Dansk Kennel Klub<\/a><br \/>\n<a href=\"http:\/\/www.skk.se\/\" target=\"_blank\" rel=\"noopener\">Svenska Kennelklubben<\/a><br \/>\n<a href=\"http:\/\/www.fci.be\/\" target=\"_blank\" rel=\"noopener\">FCI<\/a><br \/>\n<a href=\"http:\/\/www.akc.org\/\" target=\"_blank\" rel=\"noopener\">AKC<\/a><\/td>\n<\/tr>\n<\/tbody>\n<\/table>\n<h3><\/h3>\n<h3>Other<\/h3>\n<table style=\"width: 100%; border: 0;\">\n<tbody>\n<tr style=\"border: 0;\">\n<td style=\"border: 0; vertical-align: top;\"><a href=\"http:\/\/pehkot.haukotus.net\/\" target=\"_blank\" rel=\"noopener\">Rough puppies in Finland<\/a><br \/>\n<a href=\"http:\/\/pupsit.haukotus.net\/\" target=\"_blank\" rel=\"noopener\">Smooth puppies in Finland<\/a><\/td>\n<td style=\"border: 0; vertical-align: top;\"><a href=\"http:\/\/www.collienet.com\/\" target=\"_blank\" rel=\"noopener\">Collienet<\/a><br \/>\n<a href=\"http:\/\/colliesonline.com\/\" target=\"_blank\" rel=\"noopener\">Collies Online<\/a><br \/>\n<a href=\"https:\/\/www.collielife.com\/\">Collielife<\/a><\/td>\n<td style=\"border: 0; vertical-align: top;\"><a href=\"http:\/\/www.colliewelt.de\/\" target=\"_blank\" rel=\"noopener\">Colliewelt<\/a><br \/>\n<a href=\"http:\/\/www.collie-online.com\/\" target=\"_blank\" rel=\"noopener\">Collie Online<\/a><br \/>\n<a href=\"http:\/\/www.collie-revue.de\/\" target=\"_blank\" rel=\"noopener\">Collie Revue<\/a><\/td>\n<\/tr>\n<\/tbody>\n<\/table>\n<h3><\/h3>\n<table style=\"width: 100%; border: 0;\">\n<tbody>\n<tr style=\"border: 0;\">\n<td style=\"border: 0; vertical-align: top;\"><a href=\"http:\/\/www.eipaskennel.net\/\" target=\"_blank\" rel=\"noopener\">Kennel Eip\u00e4&#8217;s<\/a><br \/>\n<a href=\"http:\/\/www.wanhanpurolan.com\/\" target=\"_blank\" rel=\"noopener\">Kennel Wanhan Purolan<\/a><br \/>\n<a href=\"http:\/\/tohtorikontu.com\/\" target=\"_blank\" rel=\"noopener\">Tohtori Kontu<\/a><br \/>\n<a href=\"http:\/\/www.pikinokka.fi\/\" target=\"_blank\" rel=\"noopener\">El\u00e4inakupunktio el\u00e4inl\u00e4\u00e4k\u00e4ri Soile Sormunen<\/a><\/td>\n<td style=\"border: 0; vertical-align: top;\"><\/td>\n<td style=\"border: 0; vertical-align: top;\"><\/td>\n<\/tr>\n<\/tbody>\n<\/table>\n<p><img loading=\"lazy\" decoding=\"async\" class=\"aligncenter\" src=\"http:\/\/www.hawkfields.com\/images\/pics\/101022-6.jpg\" alt=\"\" width=\"600\" height=\"400\" \/><\/p>\n","protected":false},"excerpt":{"rendered":"<p>Kennels FINLANDRough collie breeders in Finland you can find here SMOOTHS Smooth collie breeders in Finland you can find here Clubs Finnish Collie Association The British Collie Club Svenska Collieklubben Dansk Collie klub Norsk Collie klubb Suomen Kennelliitto \/ Finnish &hellip; <a href=\"https:\/\/www.hawkfields.com\/wordpress\/?page_id=213\">Continue reading <span class=\"meta-nav\">&rarr;<\/span><\/a><\/p>\n","protected":false},"author":1,"featured_media":0,"parent":0,"menu_order":0,"comment_status":"open","ping_status":"open","template":"","meta":{"footnotes":""},"class_list":["post-213","page","type-page","status-publish","hentry"],"_links":{"self":[{"href":"https:\/\/www.hawkfields.com\/wordpress\/index.php?rest_route=\/wp\/v2\/pages\/213","targetHints":{"allow":["GET"]}}],"collection":[{"href":"https:\/\/www.hawkfields.com\/wordpress\/index.php?rest_route=\/wp\/v2\/pages"}],"about":[{"href":"https:\/\/www.hawkfields.com\/wordpress\/index.php?rest_route=\/wp\/v2\/types\/page"}],"author":[{"embeddable":true,"href":"https:\/\/www.hawkfields.com\/wordpress\/index.php?rest_route=\/wp\/v2\/users\/1"}],"replies":[{"embeddable":true,"href":"https:\/\/www.hawkfields.com\/wordpress\/index.php?rest_route=%2Fwp%2Fv2%2Fcomments&post=213"}],"version-history":[{"count":55,"href":"https:\/\/www.hawkfields.com\/wordpress\/index.php?rest_route=\/wp\/v2\/pages\/213\/revisions"}],"predecessor-version":[{"id":2243,"href":"https:\/\/www.hawkfields.com\/wordpress\/index.php?rest_route=\/wp\/v2\/pages\/213\/revisions\/2243"}],"wp:attachment":[{"href":"https:\/\/www.hawkfields.com\/wordpress\/index.php?rest_route=%2Fwp%2Fv2%2Fmedia&parent=213"}],"curies":[{"name":"wp","href":"https:\/\/api.w.org\/{rel}","templated":true}]}}