{"id":243,"date":"2011-03-20T13:36:33","date_gmt":"2011-03-20T13:36:33","guid":{"rendered":"http:\/\/www.hawkfields.com\/wordpress\/?page_id=243"},"modified":"2023-04-21T13:58:01","modified_gmt":"2023-04-21T11:58:01","slug":"downmoore-pearl-of-north","status":"publish","type":"page","link":"https:\/\/www.hawkfields.com\/wordpress\/?page_id=243","title":{"rendered":"Downmoore Pearl of North"},"content":{"rendered":"<p><img loading=\"lazy\" decoding=\"async\" class=\"aligncenter\" title=\"Downmoore Pearl of North\" src=\"http:\/\/www.hawkfields.com\/images\/pics\/Paaryna_130609.jpg\" alt=\"Downmoore Pearl of North\" width=\"600\" height=\"400\" \/><\/p>\n<p style=\"text-align: center;\">&#8220;P\u00e4ron&#8221; a.k.a &#8220;P\u00e4\u00e4ryn\u00e4&#8221;<\/p>\n<p style=\"text-align: center;\">09.08.2007 &#8211; 20.10.2017<br \/>\nsable\/white female, cea-clear \/ cea-clear, Hd C\/A, ED 0\/0<\/p>\n<p style=\"text-align: center;\">breeder: Kaarina Pesonen, Kennel Downmoore<\/p>\n<p style=\"text-align: center;\">P\u00e4\u00e4ryn\u00e4 at the <a href=\"https:\/\/scy.pedigreedatabaseonline.com\/en\/DOWNMOORE-PEARL-OF-NORTH\/pedigree\/22795\/i\">SCY database<\/a><\/p>\n<table style=\"border: 0px solid #AAAAAA; border-collapse: collapse;\" border=\"1\" width=\"100%\" cellspacing=\"0\" cellpadding=\"5\">\n<tbody>\n<tr>\n<td class=\"male\" rowspan=\"4\" width=\"20%\">Ch NordW-06 Privat&#8217;s Olympic Gold<\/td>\n<td class=\"male\" rowspan=\"2\" width=\"35%\">Ch Cheline&#8217;s Just William<\/td>\n<td class=\"male\" rowspan=\"1\" width=\"45%\">Ch Corydon Gold Spur<\/td>\n<\/tr>\n<tr>\n<td class=\"female\" rowspan=\"1\" width=\"45%\">Cheline&#8217;s Easter Rose<\/td>\n<\/tr>\n<tr>\n<td class=\"female\" rowspan=\"2\" width=\"35%\">Ch Ingledene Privat Affair<\/td>\n<td class=\"male\" rowspan=\"1\" width=\"45%\">Ch Ingledene Power of Love<\/td>\n<\/tr>\n<tr>\n<td class=\"female\" rowspan=\"1\" width=\"45%\">Ch Ingledene Penny Lover<\/td>\n<\/tr>\n<tr>\n<td class=\"female\" rowspan=\"4\" width=\"20%\">Prairiepine Northern Star<\/td>\n<td class=\"male\" rowspan=\"2\" width=\"35%\">Ch Tallywood Exhilaration HIC<\/td>\n<td class=\"male\" rowspan=\"1\" width=\"45%\">Ch Gambit&#8217;s A Hurricane Brew&#8217;n<\/td>\n<\/tr>\n<tr>\n<td class=\"female\" rowspan=\"1\" width=\"45%\">Ch Tallywood Heart of The Matter<\/td>\n<\/tr>\n<tr>\n<td class=\"female\" rowspan=\"2\" width=\"35%\">Ch VanIsle&#8217;s West of Prairiepine<\/td>\n<td class=\"male\" rowspan=\"1\" width=\"45%\">Ch Prairiepine Northern Lights<\/td>\n<\/tr>\n<tr>\n<td class=\"female\" rowspan=\"1\" width=\"45%\">Ch Prairipine Island Tornado<\/td>\n<\/tr>\n<\/tbody>\n<\/table>\n<p style=\"text-align: center;\"><strong>Show result<\/strong>:<\/p>\n<p style=\"text-align: center;\"><strong>3rd Excellent <\/strong>Oulu 13.07.2008, judge Lars Adeheimer (SWE)<\/p>\n<p style=\"text-align: center;\"><img loading=\"lazy\" decoding=\"async\" class=\"aligncenter size-full wp-image-257\" title=\"Downmoore Pearl of North\" src=\"http:\/\/www.hawkfields.com\/images\/pics\/paarynan_paat.jpg\" alt=\"Downmoore Pearl of North\" width=\"550\" height=\"367\" \/><\/p>\n<p style=\"text-align: center;\"><a href=\"https:\/\/www.hawkfields.com\/wordpress\/?page_id=265\">More photos<\/a>\u00a0\u00a0 <a href=\"https:\/\/www.hawkfields.com\/wordpress\/?page_id=278\">Relatives<\/a><\/p>\n","protected":false},"excerpt":{"rendered":"<p>&#8220;P\u00e4ron&#8221; a.k.a &#8220;P\u00e4\u00e4ryn\u00e4&#8221; 09.08.2007 &#8211; 20.10.2017 sable\/white female, cea-clear \/ cea-clear, Hd C\/A, ED 0\/0 breeder: Kaarina Pesonen, Kennel Downmoore P\u00e4\u00e4ryn\u00e4 at the SCY database Ch NordW-06 Privat&#8217;s Olympic Gold Ch Cheline&#8217;s Just William Ch Corydon Gold Spur Cheline&#8217;s Easter &hellip; <a href=\"https:\/\/www.hawkfields.com\/wordpress\/?page_id=243\">Continue reading <span class=\"meta-nav\">&rarr;<\/span><\/a><\/p>\n","protected":false},"author":1,"featured_media":0,"parent":26,"menu_order":0,"comment_status":"open","ping_status":"open","template":"","meta":{"footnotes":""},"class_list":["post-243","page","type-page","status-publish","hentry"],"_links":{"self":[{"href":"https:\/\/www.hawkfields.com\/wordpress\/index.php?rest_route=\/wp\/v2\/pages\/243","targetHints":{"allow":["GET"]}}],"collection":[{"href":"https:\/\/www.hawkfields.com\/wordpress\/index.php?rest_route=\/wp\/v2\/pages"}],"about":[{"href":"https:\/\/www.hawkfields.com\/wordpress\/index.php?rest_route=\/wp\/v2\/types\/page"}],"author":[{"embeddable":true,"href":"https:\/\/www.hawkfields.com\/wordpress\/index.php?rest_route=\/wp\/v2\/users\/1"}],"replies":[{"embeddable":true,"href":"https:\/\/www.hawkfields.com\/wordpress\/index.php?rest_route=%2Fwp%2Fv2%2Fcomments&post=243"}],"version-history":[{"count":30,"href":"https:\/\/www.hawkfields.com\/wordpress\/index.php?rest_route=\/wp\/v2\/pages\/243\/revisions"}],"predecessor-version":[{"id":2100,"href":"https:\/\/www.hawkfields.com\/wordpress\/index.php?rest_route=\/wp\/v2\/pages\/243\/revisions\/2100"}],"up":[{"embeddable":true,"href":"https:\/\/www.hawkfields.com\/wordpress\/index.php?rest_route=\/wp\/v2\/pages\/26"}],"wp:attachment":[{"href":"https:\/\/www.hawkfields.com\/wordpress\/index.php?rest_route=%2Fwp%2Fv2%2Fmedia&parent=243"}],"curies":[{"name":"wp","href":"https:\/\/api.w.org\/{rel}","templated":true}]}}