{"id":554,"date":"2011-03-21T08:21:59","date_gmt":"2011-03-21T08:21:59","guid":{"rendered":"http:\/\/www.hawkfields.com\/wordpress\/?page_id=554"},"modified":"2013-04-14T17:55:34","modified_gmt":"2013-04-14T15:55:34","slug":"hawkfields-dailuaine","status":"publish","type":"page","link":"https:\/\/www.hawkfields.com\/wordpress\/?page_id=554","title":{"rendered":"Hawkfield&#8217;s Dailuaine"},"content":{"rendered":"<p><img loading=\"lazy\" decoding=\"async\" alt=\"Hawkfield&#039;s Dailuaine\" src=\"http:\/\/www.hawkfields.com\/images\/pics\/Mimmi_4kka.jpg\" title=\"Hawkfield&#039;s Dailuaine\" class=\"aligncenter\" width=\"500\" height=\"353\" \/><\/p>\n<h4>\n<p style=\"text-align: center;\">&#8220;Mimmi&#8221;<\/h4>\n<p style=\"text-align: center;\">06.10.2006<\/p>\n<p style=\"text-align: center;\">white female<\/p>\n<p style=\"text-align: center;\">owner: family Hirvonen-H\u00e4m\u00e4l\u00e4inen<\/p>\n<p style=\"text-align: center;\">\n<table style=\"border: 0px solid #AAAAAA; border-collapse: collapse;\" border=\"0\" cellspacing=\"0\" cellpadding=\"5\" width=\"100%\">\n<tbody>\n<tr>\n<td class=\"male\" rowspan=\"4\" width=\"20%\">Fin Ch White Villan Musketeer<\/td>\n<td class=\"male\" rowspan=\"2\" width=\"35%\">Ch Alborada Magister<\/td>\n<td class=\"male\" width=\"45%\">Alborada Gran-Senor<\/td>\n<\/tr>\n<tr>\n<td class=\"female\" width=\"45%\">Ch Alborada Strega<\/td>\n<\/tr>\n<tr>\n<td class=\"female\" rowspan=\"2\" width=\"35%\">Fin Est Ch White Villan Burning Beauty<\/td>\n<td class=\"male\" width=\"45%\">Ch Scones Skyjacker<\/td>\n<\/tr>\n<tr>\n<td class=\"female\" width=\"45%\">White Boss Emma<\/td>\n<\/tr>\n<tr>\n<td class=\"female\" rowspan=\"4\" width=\"20%\">Hawkfield&#8217;s Dalwhinnie<\/td>\n<td class=\"male\" rowspan=\"2\" width=\"35%\">Fin Est Ch Donut&#8217;s Captain Carlos<\/td>\n<td class=\"male\" width=\"45%\">Ch Alborada Garcihernandez<\/td>\n<\/tr>\n<tr>\n<td class=\"female\" width=\"45%\">Ch Shinness Articberry<\/td>\n<\/tr>\n<tr>\n<td class=\"female\" rowspan=\"2\" width=\"35%\">Mer-Las Natural Lady<\/td>\n<td class=\"male\" width=\"45%\">Ch Raijaj Call Me Al<\/td>\n<\/tr>\n<tr>\n<td class=\"female\" width=\"45%\">Perhaps Panthera<\/td>\n<\/tr>\n<\/tbody>\n<\/table>\n<p style=\"text-align: center;\">\n<p style=\"text-align: center;\">\n","protected":false},"excerpt":{"rendered":"<p>&#8220;Mimmi&#8221; 06.10.2006 white female owner: family Hirvonen-H\u00e4m\u00e4l\u00e4inen Fin Ch White Villan Musketeer Ch Alborada Magister Alborada Gran-Senor Ch Alborada Strega Fin Est Ch White Villan Burning Beauty Ch Scones Skyjacker White Boss Emma Hawkfield&#8217;s Dalwhinnie Fin Est Ch Donut&#8217;s Captain &hellip; <a href=\"https:\/\/www.hawkfields.com\/wordpress\/?page_id=554\">Continue reading <span class=\"meta-nav\">&rarr;<\/span><\/a><\/p>\n","protected":false},"author":1,"featured_media":0,"parent":148,"menu_order":0,"comment_status":"open","ping_status":"open","template":"","meta":{"footnotes":""},"class_list":["post-554","page","type-page","status-publish","hentry"],"_links":{"self":[{"href":"https:\/\/www.hawkfields.com\/wordpress\/index.php?rest_route=\/wp\/v2\/pages\/554","targetHints":{"allow":["GET"]}}],"collection":[{"href":"https:\/\/www.hawkfields.com\/wordpress\/index.php?rest_route=\/wp\/v2\/pages"}],"about":[{"href":"https:\/\/www.hawkfields.com\/wordpress\/index.php?rest_route=\/wp\/v2\/types\/page"}],"author":[{"embeddable":true,"href":"https:\/\/www.hawkfields.com\/wordpress\/index.php?rest_route=\/wp\/v2\/users\/1"}],"replies":[{"embeddable":true,"href":"https:\/\/www.hawkfields.com\/wordpress\/index.php?rest_route=%2Fwp%2Fv2%2Fcomments&post=554"}],"version-history":[{"count":7,"href":"https:\/\/www.hawkfields.com\/wordpress\/index.php?rest_route=\/wp\/v2\/pages\/554\/revisions"}],"predecessor-version":[{"id":872,"href":"https:\/\/www.hawkfields.com\/wordpress\/index.php?rest_route=\/wp\/v2\/pages\/554\/revisions\/872"}],"up":[{"embeddable":true,"href":"https:\/\/www.hawkfields.com\/wordpress\/index.php?rest_route=\/wp\/v2\/pages\/148"}],"wp:attachment":[{"href":"https:\/\/www.hawkfields.com\/wordpress\/index.php?rest_route=%2Fwp%2Fv2%2Fmedia&parent=554"}],"curies":[{"name":"wp","href":"https:\/\/api.w.org\/{rel}","templated":true}]}}